{"id":1913,"date":"2023-02-01T00:52:05","date_gmt":"2023-01-31T23:52:05","guid":{"rendered":"http:\/\/covid.joachimdengler.de\/?page_id=1913"},"modified":"2025-01-30T18:15:14","modified_gmt":"2025-01-30T17:15:14","slug":"zahlen-und-fakten-zur-uebersterblichkeit-2020-2022","status":"publish","type":"page","link":"http:\/\/covid.joachimdengler.de\/?page_id=1913","title":{"rendered":"Zahlen und Fakten zur \u00dcbersterblichkeit 2020-2022"},"content":{"rendered":"\n<h4 class=\"wp-block-heading\">Wie l\u00e4\u00dft sich \u00dcbersterblichkeit 2020-2022 erkl\u00e4ren?<\/h4>\n\n\n\n<p>Um die Frage der \u00dcbersterblichkeit der Jahre 2020 bis 2022 zu verstehen, stellen sich diese Fragen:<\/p>\n\n\n\n<ul>\n<li>Gibt es einen demographisch bedingten Trend?<\/li>\n\n\n\n<li>Wie kann man saisonale Effekte ber\u00fccksichtigen?<\/li>\n\n\n\n<li>K\u00f6nnen wir die Effekte von Covid absch\u00e4tzen und ber\u00fccksichtigen?<\/li>\n<\/ul>\n\n\n\n<p>Nach Ber\u00fccksichtigung all dieser Effekte bleibt die Frage: Gibt es einen Zusammenhang zwischen der mRNA Impfkampagne und der \u00dcbersterblichkeit? <br>Dem Argument vorbeugend, dass ein statistischer Zusammenhang keine Kausalit\u00e4t impliziert, m\u00f6chte ich zu bedenken geben, <br>dass wir nicht nach einem kleinen, marginalen Effekt, sondern nach einem \u00fcberdeutlich sichtbaren &#8222;Elefanten im Raum&#8220;. Im Hinterkopf haben wir <\/p>\n\n\n\n<ul>\n<li>all die anekdotische Evidenz der zahllosen Impfnebenwirkungen, <\/li>\n\n\n\n<li>ein weltweites Ph\u00e4nomen der auff\u00e4lligen \u00dcbersterblichkeit<\/li>\n\n\n\n<li>die nach und nach sich offenbarende medizinische Evidenz der Impfnebenwirkungen<\/li>\n<\/ul>\n\n\n\n<h4 class=\"wp-block-heading\">Gesamtsterblichkeit der Vor-Covid-Jahre<\/h4>\n\n\n\n<figure class=\"wp-block-image size-large is-resized\"><img decoding=\"async\" loading=\"lazy\" src=\"http:\/\/covid.joachimdengler.de\/wp-content\/uploads\/2023\/01\/image-1024x591.png\" alt=\"\" class=\"wp-image-1918\" style=\"width:847px;height:489px\" width=\"847\" height=\"489\" srcset=\"http:\/\/covid.joachimdengler.de\/wp-content\/uploads\/2023\/01\/image-1024x591.png 1024w, http:\/\/covid.joachimdengler.de\/wp-content\/uploads\/2023\/01\/image-300x173.png 300w, http:\/\/covid.joachimdengler.de\/wp-content\/uploads\/2023\/01\/image-768x443.png 768w, http:\/\/covid.joachimdengler.de\/wp-content\/uploads\/2023\/01\/image.png 1194w\" sizes=\"(max-width: 847px) 100vw, 847px\" \/><\/figure>\n\n\n\n<p>F\u00fcr einen ersten \u00dcberblick betrachten wir die rohen Zahlen der Gesamtsterblichkeit der Vor-Covid Jahre <a href=\"https:\/\/www.destatis.de\/DE\/Themen\/Gesellschaft-Umwelt\/Bevoelkerung\/Sterbefaelle-Lebenserwartung\/Tabellen\/sonderauswertung-sterbefaelle-endgueltige-daten.xlsx?__blob=publicationFile\">aus einem Datensatz des statistischen Bundesamtes von 2000-2015<\/a> und einem <a href=\"https:\/\/www.destatis.de\/DE\/Themen\/Gesellschaft-Umwelt\/Bevoelkerung\/Sterbefaelle-Lebenserwartung\/Tabellen\/sonderauswertung-sterbefaelle.xlsx?__blob=publicationFile\">Datensatz von 2016 bis zur Gegenwart<\/a>. Wir stellen fest, dass die Gesamtsterblichkeit in diesem Zeitraum zwischen 2200\/Tag und 3800\/Tag schwankt. Erkennbar ist ein saisonaler Verlauf mit einer mehr oder weniger stark ausgepr\u00e4gten Infektionswelle in den ersten 15 Kalenderwochen und vereinzelten kleineren Spitzen in den Sommermonaten, die sich mit Hitzeperioden erkl\u00e4ren l\u00e4sst.<br>Um die Jahre 2020-2022 besser zu verstehen, wollen wir, soweit m\u00f6glich, die Effekte eines \u201enormalen\u201c Jahres herausrechnen.<\/p>\n\n\n\n<h4 class=\"wp-block-heading\">Trend der mittleren Mortalit\u00e4t<\/h4>\n\n\n\n<p>Wir wissen, dass die Gesamtmortalit\u00e4t f\u00fcr sich genommen wenig aussagekr\u00e4ftig ist. Drei wichtige Effekte m\u00fcssen ber\u00fccksichtigt werden: <\/p>\n\n\n\n<ol>\n<li>Gesamtbev\u00f6lkerungszahl, um eine wohldefinierte Mortalit\u00e4tszahl zu erhalten, <\/li>\n\n\n\n<li>Demographie, d.h. die Bev\u00f6lkerung wird im Schnitt \u00e4lter, und daher die Wahrscheinlichkeit zu sterben, gr\u00f6\u00dfer, <\/li>\n\n\n\n<li>Medizinischer Fortschritt, d.h. die durchschnittliche Lebenserwartung steigt m\u00f6glicherweise an. <\/li>\n<\/ol>\n\n\n\n<p>Da wir einen \u00fcberschaubar kurzen Zeitabschnitt betrachten, k\u00f6nnen wir davon ausgehen, dass sich in dieser Zeit diese Effekte, wenn \u00fcberhaupt, dann linear ver\u00e4ndern. Um das zu pr\u00fcfen, vergleichen wir die \u00fcbers Jahr gemittelte Gesamtsterblichkeiten:<\/p>\n\n\n\n<figure class=\"wp-block-image size-large\"><img decoding=\"async\" loading=\"lazy\" width=\"1024\" height=\"448\" src=\"http:\/\/covid.joachimdengler.de\/wp-content\/uploads\/2023\/01\/image-1-1024x448.png\" alt=\"\" class=\"wp-image-1919\" srcset=\"http:\/\/covid.joachimdengler.de\/wp-content\/uploads\/2023\/01\/image-1-1024x448.png 1024w, http:\/\/covid.joachimdengler.de\/wp-content\/uploads\/2023\/01\/image-1-300x131.png 300w, http:\/\/covid.joachimdengler.de\/wp-content\/uploads\/2023\/01\/image-1-768x336.png 768w, http:\/\/covid.joachimdengler.de\/wp-content\/uploads\/2023\/01\/image-1.png 1528w\" sizes=\"(max-width: 1024px) 100vw, 1024px\" \/><\/figure>\n\n\n\n<p>Tats\u00e4chlich l\u00e4\u00dft sich von 2010 bis 2020 ein linearer ansteigender Trend der Gesamtsterblichkeit von etwa 30\/Jahr feststellen. Darin sind alle 3 genannten obigen Effekte enthalten.&nbsp;<\/p>\n\n\n\n<p>&nbsp;Im Jahr 2020 ist die \u00dcbersterblichkeit&nbsp; innerhalb des Bandes der zuf\u00e4lligen Abweichungen (95% Konfidenz).<\/p>\n\n\n\n<p> 2021 haben wir eine \u00dcbersterblichkeit von 130\/Tag (95% Intervall: [70,200]), das sind 4,9%. <\/p>\n\n\n\n<p>2022 steigt die \u00dcbersterblichkeit auf 200\/Tag an (95% Intervall: [130,270]), das sind 7,4%.<\/p>\n\n\n\n<p>Der gleiche Trend \u2013 sogar etwas deutlicher \u2013 ergibt sich, wenn die <a href=\"https:\/\/www.mortality.watch\/?q=%7B%22c%22%3A%5B%22Germany%22%5D%2C%22cs%22%3A0%2C%22ct%22%3A7%2C%22t%22%3A1%2C%22df%22%3A%222013%22%2C%22dt%22%3A%222022%22%2C%22m%22%3A0%7D\">altersbereinigten Sterberaten f\u00fcr die Jahre 2013 bis 2022 <\/a>aufgetragen werden:<\/p>\n\n\n\n<figure class=\"wp-block-image size-large is-resized\"><img decoding=\"async\" loading=\"lazy\" src=\"http:\/\/covid.joachimdengler.de\/wp-content\/uploads\/2023\/01\/image-2-1024x607.png\" alt=\"\" class=\"wp-image-1920\" style=\"width:727px;height:431px\" width=\"727\" height=\"431\" srcset=\"http:\/\/covid.joachimdengler.de\/wp-content\/uploads\/2023\/01\/image-2-1024x607.png 1024w, http:\/\/covid.joachimdengler.de\/wp-content\/uploads\/2023\/01\/image-2-300x178.png 300w, http:\/\/covid.joachimdengler.de\/wp-content\/uploads\/2023\/01\/image-2-768x455.png 768w, http:\/\/covid.joachimdengler.de\/wp-content\/uploads\/2023\/01\/image-2-445x265.png 445w, http:\/\/covid.joachimdengler.de\/wp-content\/uploads\/2023\/01\/image-2.png 1272w\" sizes=\"(max-width: 727px) 100vw, 727px\" \/><figcaption class=\"wp-element-caption\">Altersbereinigte Mortalit\u00e4tsraten in Deutschland 2013-2022<\/figcaption><\/figure>\n\n\n\n<p>Bei den altersbereinigten Sterberaten gibt es einen Negativtrend der Sterberaten von 470 von 100000 im Jahr 2013\/2014 bis 465\/100000 im Jahr 2019\/2020, und einen starken Sprung nach 485..490 von 100000 in den Jahren 2021 und 2022, wiederum etwa 5-6%.  Der Kontrast ist deswegen deutlicher, weil die normale Variabilit\u00e4t der altersbereinigten Sterberate sehr viel kleiner ist als die der obigen unbearbeiteten Mortalit\u00e4tszahlen.  Wiederum ist bemerkenswert, dass das &#8222;Pandemiejahr&#8220; 2020 nicht aus der normalen Variabilit\u00e4t herausf\u00e4llt. <br>Bei dieser Darstellung ist es allerdings nicht m\u00f6glich zu sagen, welcher Anteil der \u00dcbersterblichkeit auf Covid-19 zur\u00fcckzuf\u00fchren ist und welcher m\u00f6glicherweise auf die mRNA-Impfung. <\/p>\n\n\n\n<h4 class=\"wp-block-heading\">Trendbereinigung und saisonaler Verlauf<\/h4>\n\n\n\n<p>Wenn man die mittlere leicht anwachsende Sterblichkeit abzieht, erh\u00e4lt man eine trendbereinigte \u00dcber- bzw. Untersterblichkeit mit dem Mittelwert 0. Auff\u00e4llig ist, dass fast die gesamte \u00dcbersterblichkeit in die k\u00e4ltere Jahresh\u00e4lfte f\u00e4llt und die Frage aufwirft, ob die Aussicht auf etwas w\u00e4rmeres Klima nicht eher eine gute Nachricht f\u00fcr unser Land ist?<\/p>\n\n\n\n<figure class=\"wp-block-image size-large is-resized\"><img decoding=\"async\" loading=\"lazy\" src=\"http:\/\/covid.joachimdengler.de\/wp-content\/uploads\/2023\/01\/image-3-1024x590.png\" alt=\"\" class=\"wp-image-1921\" style=\"width:871px;height:502px\" width=\"871\" height=\"502\" srcset=\"http:\/\/covid.joachimdengler.de\/wp-content\/uploads\/2023\/01\/image-3-1024x590.png 1024w, http:\/\/covid.joachimdengler.de\/wp-content\/uploads\/2023\/01\/image-3-300x173.png 300w, http:\/\/covid.joachimdengler.de\/wp-content\/uploads\/2023\/01\/image-3-768x442.png 768w, http:\/\/covid.joachimdengler.de\/wp-content\/uploads\/2023\/01\/image-3.png 1196w\" sizes=\"(max-width: 871px) 100vw, 871px\" \/><\/figure>\n\n\n\n<p>Mittelt man \u00fcber die Jahre 2015-2019, erh\u00e4lt man den saisonalen Verlauf der Sterblichkeit (rote Kurve), mit einer \u00dcbersterblichkeit von etwa 300 Ende Februar und einer Untersterblichkeit von etwa 200 im August:<\/p>\n\n\n\n<figure class=\"wp-block-image size-large\"><img decoding=\"async\" loading=\"lazy\" width=\"1024\" height=\"464\" src=\"http:\/\/covid.joachimdengler.de\/wp-content\/uploads\/2023\/01\/image-4-1024x464.png\" alt=\"\" class=\"wp-image-1922\" srcset=\"http:\/\/covid.joachimdengler.de\/wp-content\/uploads\/2023\/01\/image-4-1024x464.png 1024w, http:\/\/covid.joachimdengler.de\/wp-content\/uploads\/2023\/01\/image-4-300x136.png 300w, http:\/\/covid.joachimdengler.de\/wp-content\/uploads\/2023\/01\/image-4-768x348.png 768w, http:\/\/covid.joachimdengler.de\/wp-content\/uploads\/2023\/01\/image-4.png 1478w\" sizes=\"(max-width: 1024px) 100vw, 1024px\" \/><\/figure>\n\n\n\n<p>Wir werden sehen, dass die Saisonalit\u00e4t in den Jahren 2020-2022 nicht mehr so gut passt. Die beste Ann\u00e4herung ergibt sich mit der gr\u00fcnen Kurve, die um etwa 8 Wochen verschoben ist.<\/p>\n\n\n\n<h4 class=\"wp-block-heading\">Trendbereinigte Mortalit\u00e4tsdaten und saisonbereinigte \u00dcbersterblichkeit 2017-2019<\/h4>\n\n\n\n<p>Die trendbereinigte Mortalit\u00e4t der Jahre 2017-2019 wird im Vergleich zum mittleren saisonalen Verlauf dargestellt: <\/p>\n\n\n\n<figure class=\"wp-block-image size-large is-resized\"><img decoding=\"async\" loading=\"lazy\" src=\"http:\/\/covid.joachimdengler.de\/wp-content\/uploads\/2023\/01\/image-5-1024x539.png\" alt=\"\" class=\"wp-image-1923\" style=\"width:965px;height:508px\" width=\"965\" height=\"508\" srcset=\"http:\/\/covid.joachimdengler.de\/wp-content\/uploads\/2023\/01\/image-5-1024x539.png 1024w, http:\/\/covid.joachimdengler.de\/wp-content\/uploads\/2023\/01\/image-5-300x158.png 300w, http:\/\/covid.joachimdengler.de\/wp-content\/uploads\/2023\/01\/image-5-768x405.png 768w, http:\/\/covid.joachimdengler.de\/wp-content\/uploads\/2023\/01\/image-5.png 1308w\" sizes=\"(max-width: 965px) 100vw, 965px\" \/><\/figure>\n\n\n\n<p>Bis auf die Spitzen der Grippewellen 2017 und 2018 sowie der Hitzeperioden 2018 und 2019 wird die Mortalit\u00e4t vom normalen saisonalen Verlauf wiedergegeben. <\/p>\n\n\n\n<p>Wenn der saisonale Verlauf abgezogen ist, verbleibt die saisonbereinigte \u00dcbersterblichkeit:<\/p>\n\n\n\n<figure class=\"wp-block-image size-large\"><img decoding=\"async\" loading=\"lazy\" width=\"1024\" height=\"543\" src=\"http:\/\/covid.joachimdengler.de\/wp-content\/uploads\/2023\/01\/image-6-1024x543.png\" alt=\"\" class=\"wp-image-1924\" srcset=\"http:\/\/covid.joachimdengler.de\/wp-content\/uploads\/2023\/01\/image-6-1024x543.png 1024w, http:\/\/covid.joachimdengler.de\/wp-content\/uploads\/2023\/01\/image-6-300x159.png 300w, http:\/\/covid.joachimdengler.de\/wp-content\/uploads\/2023\/01\/image-6-768x407.png 768w, http:\/\/covid.joachimdengler.de\/wp-content\/uploads\/2023\/01\/image-6.png 1300w\" sizes=\"(max-width: 1024px) 100vw, 1024px\" \/><\/figure>\n\n\n\n<h4 class=\"wp-block-heading\">Trendbereinigte, saisonbereinigte und Covid-19-bereinigte \u00dcbersterblichkeit 2020-2022<\/h4>\n\n\n\n<p>Hier dieselbe Vorgehensweise bei den Jahren 2020 bis 2022.&nbsp; Es f\u00e4llt sofort auf, dass die Spitzen der \u00dcbersterblichkeit ab Herbst 2020 im Vergleich der Vorjahre um etwa 8 Wochen vorher auftreten. Daher wird die um 8 Wochen verschobene saisonale Sterblichkeitskurve als Referenz verwendet. An der Jahressumme \u00e4ndert sich dadurch nichts:<\/p>\n\n\n\n<figure class=\"wp-block-image size-large\"><img decoding=\"async\" loading=\"lazy\" width=\"1024\" height=\"539\" src=\"http:\/\/covid.joachimdengler.de\/wp-content\/uploads\/2023\/01\/image-7-1024x539.png\" alt=\"\" class=\"wp-image-1925\" srcset=\"http:\/\/covid.joachimdengler.de\/wp-content\/uploads\/2023\/01\/image-7-1024x539.png 1024w, http:\/\/covid.joachimdengler.de\/wp-content\/uploads\/2023\/01\/image-7-300x158.png 300w, http:\/\/covid.joachimdengler.de\/wp-content\/uploads\/2023\/01\/image-7-768x405.png 768w, http:\/\/covid.joachimdengler.de\/wp-content\/uploads\/2023\/01\/image-7.png 1308w\" sizes=\"(max-width: 1024px) 100vw, 1024px\" \/><\/figure>\n\n\n\n<p>Es f\u00e4llt auf, dass ab 2021 die Mortalit\u00e4tsdaten deutlich \u00fcber der saisonalen Kurve liegen.&nbsp;<\/p>\n\n\n\n<p>Die \u00dcbersterblichkeit weist gegen\u00fcber dem normalen saisonalen Verlauf ab 2021 deutliche Abweichungen nach oben auf.<\/p>\n\n\n\n<p>Da vielfach als Begr\u00fcndung f\u00fcr die \u00dcbersterblichkeit die Covid-19 Epidemie angegeben wird, ist es wesentlich, die Covid-19 Mortalit\u00e4tszahlen in Beziehung zu setzen mit der \u00dcbersterblichkeit.&nbsp; Die gr\u00fcne Kurve zeigt <a href=\"https:\/\/www.rki.de\/DE\/Content\/InfAZ\/N\/Neuartiges_Coronavirus\/Projekte_RKI\/COVID-19_Todesfaelle.xlsx?__blob=publicationFile\">die vom RKI als \u201ean und mit\u201c Covid-19 Verstorbenen<\/a>: <\/p>\n\n\n\n<figure class=\"wp-block-image size-large\"><img decoding=\"async\" loading=\"lazy\" width=\"1024\" height=\"529\" src=\"http:\/\/covid.joachimdengler.de\/wp-content\/uploads\/2023\/01\/image-8-1024x529.png\" alt=\"\" class=\"wp-image-1926\" srcset=\"http:\/\/covid.joachimdengler.de\/wp-content\/uploads\/2023\/01\/image-8-1024x529.png 1024w, http:\/\/covid.joachimdengler.de\/wp-content\/uploads\/2023\/01\/image-8-300x155.png 300w, http:\/\/covid.joachimdengler.de\/wp-content\/uploads\/2023\/01\/image-8-768x397.png 768w, http:\/\/covid.joachimdengler.de\/wp-content\/uploads\/2023\/01\/image-8.png 1334w\" sizes=\"(max-width: 1024px) 100vw, 1024px\" \/><\/figure>\n\n\n\n<p>Um mehr Klarheit zu bekommen, m\u00fcssen wir absch\u00e4tzen, wieviele tats\u00e4chlich an Covid-19 gestorben sind.Eine Untersuchung im Jahr 2020 ergab, dass von den dem RKI gemeldeten an und mit Covid 19 Verstorbenen tats\u00e4chlich <strong>nur 35% an Corona verstorben sind<\/strong>. <\/p>\n\n\n\n<p>Kriterium war, dass <\/p>\n\n\n\n<ul>\n<li>der letzte g\u00fcltige PCR-Test h\u00f6chstens 28 Tage vor dem Sterbedatum liegen mu\u00dfte und <\/li>\n\n\n\n<li>bei dem Patienten eine Atemwegserkrankung diagnostiziert wurde. <\/li>\n<\/ul>\n\n\n\n<p>Bei vielen \u201ean und mit C19&#8243; Verstorbenen ist eine deutlich l\u00e4ngere Frist zwischen PCR-Test und Sterbedatum oder es wurden keine Atemwegssymptome gemeldet.<br>Wir nehmen vorsichtig und konservativ an,&nbsp; dass <strong>60% der \u201ean und mit C19&#8243; Verstorbenen tats\u00e4chlich an C19 gestorben<\/strong> sind:<\/p>\n\n\n\n<figure class=\"wp-block-image size-large is-resized\"><img decoding=\"async\" loading=\"lazy\" src=\"http:\/\/covid.joachimdengler.de\/wp-content\/uploads\/2023\/01\/image-9-1024x513.png\" alt=\"\" class=\"wp-image-1927\" style=\"width:959px;height:479px\" width=\"959\" height=\"479\" srcset=\"http:\/\/covid.joachimdengler.de\/wp-content\/uploads\/2023\/01\/image-9-1024x513.png 1024w, http:\/\/covid.joachimdengler.de\/wp-content\/uploads\/2023\/01\/image-9-300x150.png 300w, http:\/\/covid.joachimdengler.de\/wp-content\/uploads\/2023\/01\/image-9-768x385.png 768w\" sizes=\"(max-width: 959px) 100vw, 959px\" \/><\/figure>\n\n\n\n<p>Bei 60% der vom RKI gemeldeten Covid-19 Mortalit\u00e4tszahlen als an Covid-19 Verstorbenen angenommenen erkennen wir, dass nur ein Teil der \u00dcbersterblichkeit von 2021 und 2022 auf Covid-19 zur\u00fcckzuf\u00fchren ist.&nbsp;<\/p>\n\n\n\n<p>Von besonderem Interesse sind die Jahre 2021 und 2022, weil sich die Frage nach dem Einfluss der am 27.12.2021 begonnenen mRNA Impfungen stellt. Deswegen werden die Zahlen der \u00dcbersterblichkeit denen der <a href=\"https:\/\/www.rki.de\/DE\/Content\/InfAZ\/N\/Neuartiges_Coronavirus\/Daten\/Impfquotenmonitoring.xlsx?__blob=publicationFile\">Gesamtzahl aller Impfdosen<\/a> gegen\u00fcbergestellt:<\/p>\n\n\n\n<figure class=\"wp-block-image size-large is-resized\"><img decoding=\"async\" loading=\"lazy\" src=\"http:\/\/covid.joachimdengler.de\/wp-content\/uploads\/2023\/01\/image-10-1024x679.png\" alt=\"\" class=\"wp-image-1928\" style=\"width:781px;height:518px\" width=\"781\" height=\"518\" srcset=\"http:\/\/covid.joachimdengler.de\/wp-content\/uploads\/2023\/01\/image-10-1024x679.png 1024w, http:\/\/covid.joachimdengler.de\/wp-content\/uploads\/2023\/01\/image-10-300x199.png 300w, http:\/\/covid.joachimdengler.de\/wp-content\/uploads\/2023\/01\/image-10-768x510.png 768w, http:\/\/covid.joachimdengler.de\/wp-content\/uploads\/2023\/01\/image-10-700x465.png 700w, http:\/\/covid.joachimdengler.de\/wp-content\/uploads\/2023\/01\/image-10.png 1168w\" sizes=\"(max-width: 781px) 100vw, 781px\" \/><\/figure>\n\n\n\n<p>Am Beginn des Jahres befindet sich augenscheinlich der Ausl\u00e4ufer der Infektionssaison, die kurz vor Weihnachten 2020 ihren H\u00f6hepunkt hatte. Eine Unterscheidung von der m\u00f6glichen, durch die in den Altersheimen beginnenden Impfungen anekdotisch berichteten impfbedingten Mortalit\u00e4t ist aufgrund der vorliegenden offiziellen Zahlen nicht m\u00f6glich.<\/p>\n\n\n\n<p>Ab der 16. Kalenderwoche ist eine \u00dcbersterblichkeit von etwa 100 erkennbar, die bis zur 40. Kalenderwoche wieder abklingt. Der \u00dcbersterblichkeitsverlauf stimmt auff\u00e4llig gut mit der ersten gro\u00dfen Impfkampagne \u00fcberein.<\/p>\n\n\n\n<p>Ab Ende des Jahres 2021 setzen mehrere Mortalit\u00e4tswellen ein, die \u00fcbereinstimmen mit den 2022 beobachteten h\u00e4ufigen Krankheitswellen.<\/p>\n\n\n\n<p>Die erste dieser Wellen deckt sich mit der gro\u00dfen Booster-Aktion vor Weihnachten 2021. Im Gegensatz zur ersten Impfkampagne (Erst- und Zweitimpfung) klingen die Krankheits- und Mortalit\u00e4tswellen nach den Booster-Impfungen nicht mehr ab, sondern kommen auch nach dem Ende der Impfungen immer wieder unvermindert, und nehmen am Jahresende 2022 nochmal deutlich zu.<\/p>\n\n\n\n<p>Es f\u00e4llt auf:<\/p>\n\n\n\n<ul>\n<li>der Anstieg der sichtbaren \u00dcbersterblichkeit f\u00e4llt mit der einsetzenden Massen-Impfkampagne zusammen. <\/li>\n\n\n\n<li>Es sieht so aus, als ob es eine langfristige Auswirkung gibt, <\/li>\n\n\n\n<li>\u00dcbersterblichkeit steigt auch nach dem R\u00fcckgang der Impfungen weiter an, <\/li>\n\n\n\n<li>Es sieht so aus, als ob es aufgrund der Booster Impfungen zu immer h\u00e4ufigeren Infektionswellen kommt, mit zunehmender Schw\u00e4chung des Immunsystems<\/li>\n<\/ul>\n\n\n\n<figure class=\"wp-block-image size-large is-resized\"><img decoding=\"async\" loading=\"lazy\" src=\"http:\/\/covid.joachimdengler.de\/wp-content\/uploads\/2023\/01\/image-11-1024x679.png\" alt=\"\" class=\"wp-image-1929\" style=\"width:787px;height:522px\" width=\"787\" height=\"522\" srcset=\"http:\/\/covid.joachimdengler.de\/wp-content\/uploads\/2023\/01\/image-11-1024x679.png 1024w, http:\/\/covid.joachimdengler.de\/wp-content\/uploads\/2023\/01\/image-11-300x199.png 300w, http:\/\/covid.joachimdengler.de\/wp-content\/uploads\/2023\/01\/image-11-768x510.png 768w, http:\/\/covid.joachimdengler.de\/wp-content\/uploads\/2023\/01\/image-11-700x465.png 700w, http:\/\/covid.joachimdengler.de\/wp-content\/uploads\/2023\/01\/image-11.png 1076w\" sizes=\"(max-width: 787px) 100vw, 787px\" \/><\/figure>\n\n\n\n<p>Mit der kumulativen Darstellung der \u00dcbersterblichkeit ergibt sich ein eindr\u00fcckliches Bild.<\/p>\n\n\n\n<p>Man erkennt hier sowohl die unmittelbaren Nebenwirkungen im Jahre 2021 mit einer gesamten \u00dcbersterblichkeit von etwa 10000, aber auch die verheerenderen langfristigen Wirkungen, die im Jahre 2022 f\u00fcr eine \u00dcbersterblichkeit von etwa 50000 sorgen.&nbsp;<\/p>\n\n\n\n<p>Hier bekommt der Begriff &#8222;Booster&#8220; nochmal eine ganz neue Bedeutung. Es ist unschwer zu erkennen, dass der mittlere Anstieg der kumulativen \u00dcbersterblichkeit \u2013 also die durchschnittliche t\u00e4gliche \u00dcbersterblichket \u2013 von 2021 nach 2022 deutlich zunimmmt, von etwa 30\/Tag im Jahre 2021 auf 150\/Tag im Jahre 2022.<\/p>\n\n\n\n<p>Dabei sind alle Covid-19 zuzurechnenden Effekte gro\u00dfz\u00fcgig herausgerechnet.&nbsp;&nbsp;&nbsp;&nbsp;Was bleibt, ist ein beeindruckender Elefant, der im Raum steht. Wer immer die naheliegende Ursache der mRNA Impfung als Ursache dieser massiven \u00dcbersterblichkeit in Frage stellt, mu\u00df sehr starke Argumente vorbringen.   <\/p>\n\n\n\n<figure class=\"wp-block-image size-large\"><img decoding=\"async\" loading=\"lazy\" width=\"1024\" height=\"558\" src=\"http:\/\/covid.joachimdengler.de\/wp-content\/uploads\/2023\/01\/image-12-1024x558.png\" alt=\"\" class=\"wp-image-1930\" srcset=\"http:\/\/covid.joachimdengler.de\/wp-content\/uploads\/2023\/01\/image-12-1024x558.png 1024w, http:\/\/covid.joachimdengler.de\/wp-content\/uploads\/2023\/01\/image-12-300x164.png 300w, http:\/\/covid.joachimdengler.de\/wp-content\/uploads\/2023\/01\/image-12-768x419.png 768w, http:\/\/covid.joachimdengler.de\/wp-content\/uploads\/2023\/01\/image-12-1536x837.png 1536w, http:\/\/covid.joachimdengler.de\/wp-content\/uploads\/2023\/01\/image-12.png 1644w\" sizes=\"(max-width: 1024px) 100vw, 1024px\" \/><\/figure>\n","protected":false},"excerpt":{"rendered":"<p>Wie l\u00e4\u00dft sich \u00dcbersterblichkeit 2020-2022 erkl\u00e4ren? Um die Frage der \u00dcbersterblichkeit der Jahre 2020 bis 2022 zu verstehen, stellen sich diese Fragen: Nach Ber\u00fccksichtigung all &hellip; <\/p>\n","protected":false},"author":1,"featured_media":0,"parent":0,"menu_order":0,"comment_status":"closed","ping_status":"closed","template":"","meta":{"om_disable_all_campaigns":false,"_monsterinsights_skip_tracking":false,"_monsterinsights_sitenote_active":false,"_monsterinsights_sitenote_note":"","_monsterinsights_sitenote_category":0,"footnotes":"","twitterCardType":"","cardImageID":1929,"cardImage":"http:\/\/covid.joachimdengler.de\/wp-content\/uploads\/2023\/01\/image-11.png","cardTitle":"Zahlen und Fakten zur \u00dcbersterblichkeit 2020-2022","cardDesc":"","cardImageAlt":"","cardPlayer":"","cardPlayerWidth":0,"cardPlayerHeight":0,"cardPlayerStream":"","cardPlayerCodec":""},"_links":{"self":[{"href":"http:\/\/covid.joachimdengler.de\/index.php?rest_route=\/wp\/v2\/pages\/1913"}],"collection":[{"href":"http:\/\/covid.joachimdengler.de\/index.php?rest_route=\/wp\/v2\/pages"}],"about":[{"href":"http:\/\/covid.joachimdengler.de\/index.php?rest_route=\/wp\/v2\/types\/page"}],"author":[{"embeddable":true,"href":"http:\/\/covid.joachimdengler.de\/index.php?rest_route=\/wp\/v2\/users\/1"}],"replies":[{"embeddable":true,"href":"http:\/\/covid.joachimdengler.de\/index.php?rest_route=%2Fwp%2Fv2%2Fcomments&post=1913"}],"version-history":[{"count":51,"href":"http:\/\/covid.joachimdengler.de\/index.php?rest_route=\/wp\/v2\/pages\/1913\/revisions"}],"predecessor-version":[{"id":1988,"href":"http:\/\/covid.joachimdengler.de\/index.php?rest_route=\/wp\/v2\/pages\/1913\/revisions\/1988"}],"wp:attachment":[{"href":"http:\/\/covid.joachimdengler.de\/index.php?rest_route=%2Fwp%2Fv2%2Fmedia&parent=1913"}],"curies":[{"name":"wp","href":"https:\/\/api.w.org\/{rel}","templated":true}]}}